{"id":132,"date":"2024-01-06T10:53:16","date_gmt":"2024-01-06T09:53:16","guid":{"rendered":"http:\/\/meteo-pro.fr\/?page_id=132"},"modified":"2024-01-06T13:12:41","modified_gmt":"2024-01-06T12:12:41","slug":"quels-sont-les-vents-dominants","status":"publish","type":"page","link":"https:\/\/meteo-pro.fr\/index.php\/phenomenes-naturels\/quels-sont-les-vents-dominants\/","title":{"rendered":"Quels sont les vents dominants ?"},"content":{"rendered":"\n<p>Comment explique-t-on l&rsquo;existence des vents dominants d&rsquo;ouest qui soufflent dans les deux h\u00e9misph\u00e8res ?<\/p>\n\n\n\n<p>Dans les r\u00e9gions du globe situ\u00e9es entre 40 et 60 degr\u00e9s de latitude, les vents soufflent principalement de l&rsquo;ouest vers l&rsquo;est. Ces vents sont appel\u00e9s \u00e0 juste titre les \u00ab\u00a0vents d&rsquo;ouest\u00a0\u00bb car ils sont les plus fr\u00e9quents, malgr\u00e9 des perturbations locales occasionnelles. L&rsquo;origine de ces vents est directement li\u00e9e \u00e0 la rotation de la Terre autour de son axe. Tout commence \u00e0 l&rsquo;\u00e9quateur, o\u00f9 l&rsquo;air se r\u00e9chauffe et s&rsquo;\u00e9l\u00e8ve, augmentant la pression et se d\u00e9pla\u00e7ant vers les p\u00f4les et les r\u00e9gions subtropicales de basse pression.<\/p>\n\n\n\n<p>Au fur et \u00e0 mesure que la masse d&rsquo;air progresse, la rotation de la Terre la fait d\u00e9vier vers l&rsquo;ouest en raison de l&rsquo;effet de Coriolis ou de la force d&rsquo;inertie. Cette d\u00e9viation complexe s&rsquo;explique mieux \u00e0 l&rsquo;aide d&rsquo;une orange et d&rsquo;un stylo : l&rsquo;orange repr\u00e9sente la Terre et la cicatrice de la tige, le p\u00f4le Nord.<\/p>\n\n\n\n<p>Ainsi, la prochaine fois que les vents d&rsquo;ouest souffleront dans tes cheveux, tu pourras imaginer l&rsquo;orange et le stylo et comprendre comment la rotation de la Terre influence la direction et la force des vents. C&rsquo;est fascinant de voir comment des objets simples peuvent nous aider \u00e0 visualiser des ph\u00e9nom\u00e8nes scientifiques complexes !<\/p>\n\n\n\n<p>Comme tu l&rsquo;as peut-\u00eatre remarqu\u00e9, lorsque tu dessines une ligne avec un stylo sur une peau d&rsquo;orange, elle s&rsquo;incurve vers le sud-ouest. De m\u00eame, si tu tra\u00e7ais une ligne partant du p\u00f4le Sud, elle s&rsquo;incurverait vers le nord-ouest. Cela est d\u00fb \u00e0 la rotation de la Terre et \u00e0 l&rsquo;effet de Coriolis, qui fait que les objets se d\u00e9pla\u00e7ant \u00e0 la surface de la Terre d\u00e9vient vers la droite dans l&rsquo;h\u00e9misph\u00e8re nord et vers la gauche dans l&rsquo;h\u00e9misph\u00e8re sud.<\/p>\n\n\n\n<p>Lorsque l&rsquo;air chaud s&rsquo;\u00e9l\u00e8ve pr\u00e8s de l&rsquo;\u00e9quateur, il se d\u00e9place vers les p\u00f4les et est d\u00e9vi\u00e9 par l&rsquo;effet de Coriolis, ce qui entra\u00eene la formation des aliz\u00e9s. Lorsque l&rsquo;air atteint environ 30 degr\u00e9s de latitude, il se refroidit et s&rsquo;enfonce, s&rsquo;\u00e9coulant vers l&rsquo;est et cr\u00e9ant les vents d&rsquo;ouest dominants. Ces vents sont affect\u00e9s par divers facteurs, tels que les montagnes, les c\u00f4tes et la disposition de la terre et de la mer, ce qui fait qu&rsquo;ils sont ralentis et d\u00e9vi\u00e9s dans diff\u00e9rentes directions dans l&rsquo;h\u00e9misph\u00e8re nord.<\/p>\n\n\n\n<p>En revanche, les vents d&rsquo;ouest sont incroyablement constants et parfois tr\u00e8s forts dans l&rsquo;h\u00e9misph\u00e8re sud en raison de la pr\u00e9dominance des oc\u00e9ans. Ils sont connus sous le nom de \u00ab\u00a0quaranti\u00e8mes rugissants\u00a0\u00bb et \u00ab\u00a0cinquanti\u00e8mes furieux\u00a0\u00bb et peuvent provoquer une mer agit\u00e9e et des conditions de navigation difficiles. Alors, si tu te retrouves \u00e0 naviguer dans l&rsquo;h\u00e9misph\u00e8re sud, pr\u00e9pare-toi \u00e0 ces vents puissants !<\/p>\n","protected":false},"excerpt":{"rendered":"<p>Comment explique-t-on l&rsquo;existence des vents dominants d&rsquo;ouest qui soufflent dans les deux h\u00e9misph\u00e8res ? Dans les r\u00e9gions du globe situ\u00e9es entre 40 et 60 degr\u00e9s de latitude, les vents soufflent principalement de l&rsquo;ouest vers l&rsquo;est. Ces vents sont appel\u00e9s \u00e0 juste titre les \u00ab\u00a0vents d&rsquo;ouest\u00a0\u00bb car ils sont les plus fr\u00e9quents, malgr\u00e9 des perturbations locales [&hellip;]<\/p>\n","protected":false},"author":1,"featured_media":0,"parent":88,"menu_order":0,"comment_status":"closed","ping_status":"closed","template":"","meta":{"_seopress_robots_primary_cat":"","_seopress_titles_title":"","_seopress_titles_desc":"","_seopress_robots_index":"","footnotes":""},"class_list":["post-132","page","type-page","status-publish","hentry"],"_links":{"self":[{"href":"https:\/\/meteo-pro.fr\/index.php\/wp-json\/wp\/v2\/pages\/132","targetHints":{"allow":["GET"]}}],"collection":[{"href":"https:\/\/meteo-pro.fr\/index.php\/wp-json\/wp\/v2\/pages"}],"about":[{"href":"https:\/\/meteo-pro.fr\/index.php\/wp-json\/wp\/v2\/types\/page"}],"author":[{"embeddable":true,"href":"https:\/\/meteo-pro.fr\/index.php\/wp-json\/wp\/v2\/users\/1"}],"replies":[{"embeddable":true,"href":"https:\/\/meteo-pro.fr\/index.php\/wp-json\/wp\/v2\/comments?post=132"}],"version-history":[{"count":3,"href":"https:\/\/meteo-pro.fr\/index.php\/wp-json\/wp\/v2\/pages\/132\/revisions"}],"predecessor-version":[{"id":148,"href":"https:\/\/meteo-pro.fr\/index.php\/wp-json\/wp\/v2\/pages\/132\/revisions\/148"}],"up":[{"embeddable":true,"href":"https:\/\/meteo-pro.fr\/index.php\/wp-json\/wp\/v2\/pages\/88"}],"wp:attachment":[{"href":"https:\/\/meteo-pro.fr\/index.php\/wp-json\/wp\/v2\/media?parent=132"}],"curies":[{"name":"wp","href":"https:\/\/api.w.org\/{rel}","templated":true}]}}