{"id":144,"date":"2024-01-06T11:04:40","date_gmt":"2024-01-06T10:04:40","guid":{"rendered":"http:\/\/meteo-pro.fr\/?page_id=144"},"modified":"2024-01-06T12:56:34","modified_gmt":"2024-01-06T11:56:34","slug":"pression-atmospherique","status":"publish","type":"page","link":"https:\/\/meteo-pro.fr\/index.php\/phenomenes-naturels\/pression-atmospherique\/","title":{"rendered":"Qu&rsquo;est-ce que la pression atmosph\u00e9rique ?"},"content":{"rendered":"\n<p>La pression atmosph\u00e9rique n&rsquo;est autre que le poids de la colonne d&rsquo;air situ\u00e9e au-dessus de la surface consid\u00e9r\u00e9e. En plaine, cette pression est tr\u00e8s approximativement d&rsquo;un kilogramme par cm2, ou dix tonnes au m\u00e8tre-carr\u00e9. Elle est plus faible en altitude, car la colonne d&rsquo;air \u00e0 prendre en compte est plus courte. L&rsquo;unit\u00e9 de pression utilis\u00e9e en m\u00e9t\u00e9orologie est l&rsquo;HECTOPASCAL (abr\u00e9viation hPa), qui a remplac\u00e9 le millibar (abr\u00e9viation mb) depuis quelques ann\u00e9es. Ce fut un simple changement de d\u00e9nomination, ces deux unit\u00e9s de mesure sont en fait strictement identiques. \u00c0 l&rsquo;altitude z\u00e9ro (niveau de la mer), la pression consid\u00e9r\u00e9e comme NORMALE est de 1013,25 hPa, que l&rsquo;on arrondit g\u00e9n\u00e9ralement dans l&rsquo;usage quotidien au multiple de cinq le plus proche, c&rsquo;est-\u00e0-dire \u00e0 1015 hPa. Cette pression est \u00e9quivalente \u00e0 celle exerc\u00e9e par une colonne d&rsquo;eau de 10,33 m\u00e8tres de hauteur. Elle est aussi \u00e9quivalente \u00e0 la pression exerc\u00e9e par une colonne de mercure de 76 centim\u00e8tres de hauteur, et ce principe est \u00e0 la base de l&rsquo;invention du barom\u00e8tre, par le physicien italien Torricelli en 1643. Ceci explique que l&rsquo;on puisse \u00e9galement dire que la pression normale de l&rsquo;atmosph\u00e8re est de 760 millim\u00e8tres de mercure.<\/p>\n\n\n\n<figure class=\"wp-block-image size-large\"><img  title=\"\" loading=\"lazy\" decoding=\"async\" width=\"1024\" height=\"665\" src=\"http:\/\/meteo-pro.fr\/wp-content\/uploads\/2024\/01\/2024-01-06_12h11_44-1024x665.jpg\"  alt=\"2024-01-06_12h11_44-1024x665 Qu&#039;est-ce que la pression atmosph\u00e9rique ?\"  class=\"wp-image-167\" srcset=\"https:\/\/meteo-pro.fr\/wp-content\/uploads\/2024\/01\/2024-01-06_12h11_44-1024x665.jpg 1024w, https:\/\/meteo-pro.fr\/wp-content\/uploads\/2024\/01\/2024-01-06_12h11_44-300x195.jpg 300w, https:\/\/meteo-pro.fr\/wp-content\/uploads\/2024\/01\/2024-01-06_12h11_44-768x499.jpg 768w, https:\/\/meteo-pro.fr\/wp-content\/uploads\/2024\/01\/2024-01-06_12h11_44.jpg 1167w\" sizes=\"auto, (max-width: 1024px) 100vw, 1024px\" \/><\/figure>\n\n\n\n<p>La conversion entre les deux types de graduation est facilit\u00e9e par l&rsquo;excellente approximation : 3 millim\u00e8tres de mercure = 4 hectopascals.<br>On commence \u00e0 parler de basse pression au-dessous de 1 010 hPa et de haute pression au-dessus de 1 020 hPa. \u00c0 une altitude de 3 000 m\u00e8tres, la pression moyenne n&rsquo;est plus que de l&rsquo;ordre de 700 hPa. La notion de basse ou de haute pression n&rsquo;a donc de sens que pour une m\u00eame altitude.<\/p>\n\n\n\n<p><a href=\"http:\/\/meteo-pro.fr\/index.php\/climat\/relations-entre-vent-pression\/\" data-type=\"page\" data-id=\"104\">Quelles relations existe-t-il entre le vent et la pression ?<\/a><\/p>\n\n\n\n<p>\u00c0 5 500 m\u00e8tres la pression atmosph\u00e9rique est voisine de 500 hPa, c&rsquo;est-\u00e0-dire la moiti\u00e9 de la valeur au sol. \u00c0 16 000 m\u00e8tres, elle est d&rsquo;environ 100 hPa, et le poids de l&rsquo;air situ\u00e9 au-dessus n&rsquo;est plus que le dixi\u00e8me de celui de la colonne d&rsquo;air compl\u00e8te qui sert de d\u00e9finition \u00e0 la pression du niveau de la mer. Autrement dit, les 90 % de la masse de l&rsquo;atmosph\u00e8re sont concentr\u00e9s dans les 16 premiers kilom\u00e8tres autour de la terre.<\/p>\n","protected":false},"excerpt":{"rendered":"<p>La pression atmosph\u00e9rique n&rsquo;est autre que le poids de la colonne d&rsquo;air situ\u00e9e au-dessus de la surface consid\u00e9r\u00e9e. En plaine, cette pression est tr\u00e8s approximativement d&rsquo;un kilogramme par cm2, ou dix tonnes au m\u00e8tre-carr\u00e9. Elle est plus faible en altitude, car la colonne d&rsquo;air \u00e0 prendre en compte est plus courte. L&rsquo;unit\u00e9 de pression utilis\u00e9e [&hellip;]<\/p>\n","protected":false},"author":1,"featured_media":0,"parent":88,"menu_order":0,"comment_status":"closed","ping_status":"closed","template":"","meta":{"_seopress_robots_primary_cat":"","_seopress_titles_title":"","_seopress_titles_desc":"","_seopress_robots_index":"","footnotes":""},"class_list":["post-144","page","type-page","status-publish","hentry"],"_links":{"self":[{"href":"https:\/\/meteo-pro.fr\/index.php\/wp-json\/wp\/v2\/pages\/144","targetHints":{"allow":["GET"]}}],"collection":[{"href":"https:\/\/meteo-pro.fr\/index.php\/wp-json\/wp\/v2\/pages"}],"about":[{"href":"https:\/\/meteo-pro.fr\/index.php\/wp-json\/wp\/v2\/types\/page"}],"author":[{"embeddable":true,"href":"https:\/\/meteo-pro.fr\/index.php\/wp-json\/wp\/v2\/users\/1"}],"replies":[{"embeddable":true,"href":"https:\/\/meteo-pro.fr\/index.php\/wp-json\/wp\/v2\/comments?post=144"}],"version-history":[{"count":5,"href":"https:\/\/meteo-pro.fr\/index.php\/wp-json\/wp\/v2\/pages\/144\/revisions"}],"predecessor-version":[{"id":188,"href":"https:\/\/meteo-pro.fr\/index.php\/wp-json\/wp\/v2\/pages\/144\/revisions\/188"}],"up":[{"embeddable":true,"href":"https:\/\/meteo-pro.fr\/index.php\/wp-json\/wp\/v2\/pages\/88"}],"wp:attachment":[{"href":"https:\/\/meteo-pro.fr\/index.php\/wp-json\/wp\/v2\/media?parent=144"}],"curies":[{"name":"wp","href":"https:\/\/api.w.org\/{rel}","templated":true}]}}