{"id":149,"date":"2024-01-06T11:30:00","date_gmt":"2024-01-06T10:30:00","guid":{"rendered":"http:\/\/meteo-pro.fr\/?page_id=149"},"modified":"2024-01-06T17:04:24","modified_gmt":"2024-01-06T16:04:24","slug":"comment-reconnaitre-les-nuages","status":"publish","type":"page","link":"https:\/\/meteo-pro.fr\/index.php\/phenomenes-naturels\/comment-reconnaitre-les-nuages\/","title":{"rendered":"Comment reconna\u00eetre les nuages ?"},"content":{"rendered":"\n<p>On observe une infinit\u00e9 de nuages. Comment se forment-ils et de quelle mani\u00e8re les distingue-t-on ?<br>Les nuages sont constitu\u00e9s de minuscules particules d&rsquo;eau liquide ou de cristaux en suspension dans l&rsquo;atmosph\u00e8re. Ils proviennent de la condensation de la vapeur d&rsquo;eau contenue dans l&rsquo;air transport\u00e9 vers le haut par des courants ascendants et soumis \u00e0 un refroidissement, de l&rsquo;ordre de 1\u00b0C par 100 m\u00e8tres. L&rsquo;humidit\u00e9 relative augmente avec la baisse de la temp\u00e9rature, d&rsquo;o\u00f9 un \u00e9tat de saturation et la condensation des particules d&rsquo;eau. Elle s&rsquo;effectue autour de noyaux de condensation constitu\u00e9s de poussi\u00e8res microscopiques &#8211; essentiellement des sels d&rsquo;origine marine &#8211; en suspension dans l&rsquo;atmosph\u00e8re. Elles peuvent \u00e9galement \u00eatre d&rsquo;origine industrielle ou volcanique.<\/p>\n\n\n\n<p>La forme des nuages est infiniment vari\u00e9e. Ceux-ci ont pourtant \u00e9t\u00e9 classifi\u00e9s en dix genres, quatorze esp\u00e8ces et neuf vari\u00e9t\u00e9s. On divise en outre l&rsquo;atmosph\u00e8re en trois \u00e9tages verticaux dits inf\u00e9rieur, moyen et sup\u00e9rieur. Lorsqu&rsquo;on monte dans les couches \u00e9lev\u00e9es sup\u00e9rieures, les gouttelettes d&rsquo;eau, dont le diam\u00e8tre est de l&rsquo;ordre de 3 \u00e0 30 microns, se transforment sous l&rsquo;effet du froid en cristaux de glace. Ceux-ci forment les cirrus, les cirro-cumulus et les cirro-stratus, nuages \u00e9lev\u00e9s caract\u00e9ristiques de l&rsquo;\u00e9tage sup\u00e9rieur situ\u00e9 dans les r\u00e9gions temp\u00e9r\u00e9es entre 5 et 13 kilom\u00e8tres d&rsquo;altitude.<\/p>\n\n\n\n<p><br>D&rsquo;aspect fibreux, ils forment des filaments ou des bancs transparents qui affectent \u00e0 peine l&rsquo;\u00e9clat du soleil. Au coucher du soleil, ils s&rsquo;obscurcissent longtemps apr\u00e8s les autres nuages et prennent parfois des teintes chamarr\u00e9es allant jusqu&rsquo;au rouge.<\/p>\n\n\n\n<figure class=\"wp-block-image size-large\"><img  title=\"\" loading=\"lazy\" decoding=\"async\" width=\"1024\" height=\"643\" src=\"http:\/\/meteo-pro.fr\/wp-content\/uploads\/2024\/01\/2024-01-06_11h46_58-1024x643.jpg\"  alt=\"2024-01-06_11h46_58-1024x643 Comment reconna\u00eetre les nuages ?\"  class=\"wp-image-160\" srcset=\"https:\/\/meteo-pro.fr\/wp-content\/uploads\/2024\/01\/2024-01-06_11h46_58-1024x643.jpg 1024w, https:\/\/meteo-pro.fr\/wp-content\/uploads\/2024\/01\/2024-01-06_11h46_58-300x188.jpg 300w, https:\/\/meteo-pro.fr\/wp-content\/uploads\/2024\/01\/2024-01-06_11h46_58-768x482.jpg 768w, https:\/\/meteo-pro.fr\/wp-content\/uploads\/2024\/01\/2024-01-06_11h46_58-1536x964.jpg 1536w, https:\/\/meteo-pro.fr\/wp-content\/uploads\/2024\/01\/2024-01-06_11h46_58.jpg 1612w\" sizes=\"auto, (max-width: 1024px) 100vw, 1024px\" \/><\/figure>\n\n\n\n<p>A lire aussi : <a href=\"https:\/\/meteo-pro.fr\/index.php\/climat\/combien-existe-t-il-de-sortes-de-nuages\/\">Combien-existe-t-il-de-sortes-de-nuages<\/a><\/p>\n\n\n\n<p>L&rsquo;altostratus et l&rsquo;altocumulus se partagent l&rsquo;\u00e9tage moyen &#8211; entre 2 et 7 kilom\u00e8tres. Ils se pr\u00e9sentent sous la forme de nappes gris\u00e2tres qui laissent encore partiellement voir le soleil. A l&rsquo;\u00e9tage inf\u00e9rieur, on trouve le stratus et le stratocumulus, des nuages tr\u00e8s bas.<br>Les nuages \u00e0 grande extension verticale, nimbo-stratus, cumulus et cumulo-nimbus, dont la base est en g\u00e9n\u00e9ral situ\u00e9e \u00e0 l&rsquo;\u00e9tage inf\u00e9rieur, s&rsquo;\u00e9l\u00e8vent parfois jusqu&rsquo;\u00e0 l&rsquo;\u00e9tage sup\u00e9rieur. Les cumulo-nimbus ont un d\u00e9veloppement vertical prodigieux. Denses et puissants, ils sont le si\u00e8ge de ph\u00e9nom\u00e8nes orageux et de turbulences tr\u00e8s dangereuses. Mais les temps les plus sombres avec chute durable de neige et de pluie sont dus aux nimbo-stratus.<br>Les nuages proviennent de la condensation del\u00e0 vapeur d&rsquo;eau contenue dans l&rsquo;air transport\u00e9 vers le haut par des courants ascendants et soumis \u00e0 un refroidissement de l&rsquo;ordre de 1 \u00b0C par 100 m\u00e8tres.<\/p>\n\n\n\n<p><strong>En savoir plus<\/strong><\/p>\n\n\n\n<p>Le nuage : Les gouttelettes d&rsquo;eau et les cristaux de glace constitutifs des nuages sont anim\u00e9s d&rsquo;un tr\u00e8s faible mouvement de chute (quelques dixi\u00e8mes de mm par seconde), de sorte que le moindre mouvement ascendant de l&rsquo;air suffit \u00e0 les maintenir en altitude. Suivant leur forme et par altitude d\u00e9croissante, on distingue: cirrus (filaments), cirrostratus (voiles transparents), cirrocumulus (nappes blanches), altocumulus (balles), altostratus (aspect gris\u00e2tre ou bleu\u00e2tre), nimbostratus (nuages de pluie, tr\u00e8s \u00e9pais), strato-cumulus (balles ou rouleaux), stratus (couche nuageuse \u00e0 basse altitude), cumulus (nuages s\u00e9par\u00e9s aux contours nets) et cumulonimbus (nuages d&rsquo;orage caract\u00e9ris\u00e9s par un fort d\u00e9veloppement vertical). Les nuages sont g\u00e9n\u00e9ralement associ\u00e9s en de vastes ensembles appel\u00e9s syst\u00e8mes nuageux.<\/p>\n","protected":false},"excerpt":{"rendered":"<p>On observe une infinit\u00e9 de nuages. Comment se forment-ils et de quelle mani\u00e8re les distingue-t-on ?Les nuages sont constitu\u00e9s de minuscules particules d&rsquo;eau liquide ou de cristaux en suspension dans l&rsquo;atmosph\u00e8re. Ils proviennent de la condensation de la vapeur d&rsquo;eau contenue dans l&rsquo;air transport\u00e9 vers le haut par des courants ascendants et soumis \u00e0 un [&hellip;]<\/p>\n","protected":false},"author":1,"featured_media":0,"parent":88,"menu_order":11,"comment_status":"closed","ping_status":"closed","template":"","meta":{"_seopress_robots_primary_cat":"","_seopress_titles_title":"","_seopress_titles_desc":"","_seopress_robots_index":"","footnotes":""},"class_list":["post-149","page","type-page","status-publish","hentry"],"_links":{"self":[{"href":"https:\/\/meteo-pro.fr\/index.php\/wp-json\/wp\/v2\/pages\/149","targetHints":{"allow":["GET"]}}],"collection":[{"href":"https:\/\/meteo-pro.fr\/index.php\/wp-json\/wp\/v2\/pages"}],"about":[{"href":"https:\/\/meteo-pro.fr\/index.php\/wp-json\/wp\/v2\/types\/page"}],"author":[{"embeddable":true,"href":"https:\/\/meteo-pro.fr\/index.php\/wp-json\/wp\/v2\/users\/1"}],"replies":[{"embeddable":true,"href":"https:\/\/meteo-pro.fr\/index.php\/wp-json\/wp\/v2\/comments?post=149"}],"version-history":[{"count":11,"href":"https:\/\/meteo-pro.fr\/index.php\/wp-json\/wp\/v2\/pages\/149\/revisions"}],"predecessor-version":[{"id":258,"href":"https:\/\/meteo-pro.fr\/index.php\/wp-json\/wp\/v2\/pages\/149\/revisions\/258"}],"up":[{"embeddable":true,"href":"https:\/\/meteo-pro.fr\/index.php\/wp-json\/wp\/v2\/pages\/88"}],"wp:attachment":[{"href":"https:\/\/meteo-pro.fr\/index.php\/wp-json\/wp\/v2\/media?parent=149"}],"curies":[{"name":"wp","href":"https:\/\/api.w.org\/{rel}","templated":true}]}}