{"id":152,"date":"2024-01-06T11:32:55","date_gmt":"2024-01-06T10:32:55","guid":{"rendered":"http:\/\/meteo-pro.fr\/?page_id=152"},"modified":"2024-01-06T14:47:40","modified_gmt":"2024-01-06T13:47:40","slug":"combien-existe-t-il-de-sortes-de-nuages","status":"publish","type":"page","link":"https:\/\/meteo-pro.fr\/index.php\/phenomenes-naturels\/combien-existe-t-il-de-sortes-de-nuages\/","title":{"rendered":"Combien existe-t-il de sortes de nuages ?"},"content":{"rendered":"\n<p>Notre atmosph\u00e8re est peupl\u00e9e de nuages qui se r\u00e9partissent en dix genres diff\u00e9rents, et tous les dix sont observables en France. On les classe en trois cat\u00e9gories, nuages \u00e9lev\u00e9s, nuages moyens, et nuages bas, en fonction de l&rsquo;altitude de leur base. Certains ciels d&rsquo;aspect chaotique peuvent contenir trois ou quatre genres diff\u00e9rents, r\u00e9partis sur plusieurs couches.<br>Les nuages \u00e9lev\u00e9s, \u00e0 haute altitude, entre 5 000 et 8 000 m\u00e8tres, sont le cirrus (abr\u00e9viation Ci), le cirro-cumulus (Ce), et le cirrostratus (Cs).<\/p>\n\n\n\n<p>Les nuages moyens, \u00e0 moyenne altitude comme leur nom l&rsquo;indique, entre 2 000 et 5 000 m\u00e8tres, sont l&rsquo;alto-cumulus (abr\u00e9viation Ac), et l&rsquo;altostratus (As). On convient d&rsquo;y ajouter le nimhostrastus (Ns) de par son origine, bien que sa base soit en fait capable de s&rsquo;aventurer au niveau inf\u00e9rieur.<br>Les nuages bas, du voisinage du sol \u00e0 une altitude de 2 000 m\u00e8tres, sont le stratocumulus (abr\u00e9viation Se), le stratus (St), le cumulus (Cu), et le cumulonimbus (Cb).<br>Ce dernier est consid\u00e9r\u00e9 comme un nuage bas de par l&rsquo;altitude de sa base, mais le sommet du cumulonimbus peut en r\u00e9alit\u00e9 s&rsquo;\u00e9lever au-del\u00e0 du niveau des nuages dits \u00e9lev\u00e9s.<\/p>\n\n\n\n<figure class=\"wp-block-image size-large is-style-default\"><img  title=\"\" loading=\"lazy\" decoding=\"async\" width=\"1024\" height=\"506\" src=\"http:\/\/meteo-pro.fr\/wp-content\/uploads\/2024\/01\/2024-01-06_11h34_31-1024x506.jpg\"  alt=\"2024-01-06_11h34_31-1024x506 Combien existe-t-il de sortes de nuages ?\"  class=\"wp-image-156\" srcset=\"https:\/\/meteo-pro.fr\/wp-content\/uploads\/2024\/01\/2024-01-06_11h34_31-1024x506.jpg 1024w, https:\/\/meteo-pro.fr\/wp-content\/uploads\/2024\/01\/2024-01-06_11h34_31-300x148.jpg 300w, https:\/\/meteo-pro.fr\/wp-content\/uploads\/2024\/01\/2024-01-06_11h34_31-768x380.jpg 768w, https:\/\/meteo-pro.fr\/wp-content\/uploads\/2024\/01\/2024-01-06_11h34_31-1536x759.jpg 1536w, https:\/\/meteo-pro.fr\/wp-content\/uploads\/2024\/01\/2024-01-06_11h34_31.jpg 1584w\" sizes=\"auto, (max-width: 1024px) 100vw, 1024px\" \/><figcaption class=\"wp-element-caption\">Nuages au Boulou (66)<\/figcaption><\/figure>\n\n\n\n<p><br>Les noms des nuages sont plus faciles \u00e0 assimiler qu&rsquo;il n&rsquo;y para\u00eet \u00e0 priori. Le cirrostratus est un nuage en forme de strate \u00e0 l&rsquo;altitude des cirrus. L&rsquo;altocumulus est un cumulus situ\u00e9 plus haut. Le stratocumulus se pr\u00e9sente \u00e0 la fois sous forme de strate et d&rsquo;amas. Quant au mot nimbus, qui signifie \u00e9tymologiquement nuage de pluie, il ne s&#8217;emploie pas tel quel. Il s&rsquo;agit soit du nimbostratus, soit du cumulonimbus.<br>&nbsp;<br><a href=\"https:\/\/meteo-pro.fr\/index.php\/climat\/comment-reconnaitre-les-nuages\/\">A lire aussi, comment reconnaitre les nuages ?<\/a><\/p>\n\n\n\n<p>La plupart des genres de nuages peuvent en outre se subdiviser en deux ou plusieurs esp\u00e8ces. Il existe par exemple quatre esp\u00e8ces d&rsquo;altocumulus appel\u00e9es strati-formis (en couche horizontale de grande \u00e9tendue), cas-tellanus (d&rsquo;aspect cr\u00e9nel\u00e9), flocus (en forme de petits flocons), et lenticularis (en forme de lentilles).<\/p>\n","protected":false},"excerpt":{"rendered":"<p>Notre atmosph\u00e8re est peupl\u00e9e de nuages qui se r\u00e9partissent en dix genres diff\u00e9rents, et tous les dix sont observables en France. On les classe en trois cat\u00e9gories, nuages \u00e9lev\u00e9s, nuages moyens, et nuages bas, en fonction de l&rsquo;altitude de leur base. Certains ciels d&rsquo;aspect chaotique peuvent contenir trois ou quatre genres diff\u00e9rents, r\u00e9partis sur plusieurs [&hellip;]<\/p>\n","protected":false},"author":1,"featured_media":0,"parent":88,"menu_order":2,"comment_status":"closed","ping_status":"closed","template":"","meta":{"_seopress_robots_primary_cat":"","_seopress_titles_title":"","_seopress_titles_desc":"","_seopress_robots_index":"","footnotes":""},"class_list":["post-152","page","type-page","status-publish","hentry"],"_links":{"self":[{"href":"https:\/\/meteo-pro.fr\/index.php\/wp-json\/wp\/v2\/pages\/152","targetHints":{"allow":["GET"]}}],"collection":[{"href":"https:\/\/meteo-pro.fr\/index.php\/wp-json\/wp\/v2\/pages"}],"about":[{"href":"https:\/\/meteo-pro.fr\/index.php\/wp-json\/wp\/v2\/types\/page"}],"author":[{"embeddable":true,"href":"https:\/\/meteo-pro.fr\/index.php\/wp-json\/wp\/v2\/users\/1"}],"replies":[{"embeddable":true,"href":"https:\/\/meteo-pro.fr\/index.php\/wp-json\/wp\/v2\/comments?post=152"}],"version-history":[{"count":6,"href":"https:\/\/meteo-pro.fr\/index.php\/wp-json\/wp\/v2\/pages\/152\/revisions"}],"predecessor-version":[{"id":176,"href":"https:\/\/meteo-pro.fr\/index.php\/wp-json\/wp\/v2\/pages\/152\/revisions\/176"}],"up":[{"embeddable":true,"href":"https:\/\/meteo-pro.fr\/index.php\/wp-json\/wp\/v2\/pages\/88"}],"wp:attachment":[{"href":"https:\/\/meteo-pro.fr\/index.php\/wp-json\/wp\/v2\/media?parent=152"}],"curies":[{"name":"wp","href":"https:\/\/api.w.org\/{rel}","templated":true}]}}