{"id":189,"date":"2024-01-06T13:25:13","date_gmt":"2024-01-06T12:25:13","guid":{"rendered":"https:\/\/meteo-pro.fr\/?page_id=189"},"modified":"2024-01-06T14:51:59","modified_gmt":"2024-01-06T13:51:59","slug":"glace-au-groenland","status":"publish","type":"page","link":"https:\/\/meteo-pro.fr\/index.php\/phenomenes-naturels\/glace-au-groenland\/","title":{"rendered":"Qu&rsquo;y a-t-il sous la glace au Groenland"},"content":{"rendered":"\n<p>Si l&rsquo;on retirait le glacier qui recouvre le Groenland, que trouverait-on en dessous et que se passerait-il ?<br>Une \u00e9norme boule de glace dans une coupe de 2,2 millions de km2, ce n&rsquo;est pas un dessert mais le Groenland.<br>Quatre fois plus grand que la France, le Groenland est une \u00eele dont seuls les sommets sont apparents. Le reste est recouvert tout au long de l&rsquo;ann\u00e9e par une calotte glaciaire que les Danois appellent Inlandsis, ce qui signifie: la glace \u00e0 l&rsquo;int\u00e9rieur des terres. L&rsquo;\u00e9paisseur de ce d\u00f4me de glace qui coiffe environ 80% de l&rsquo;\u00eele est en moyenne de 1500 m\u00e8tres mais atteint 3000 m\u00e8tres \u00e0 certains endroits. Il est bord\u00e9 de montagnes dont les plus hautes cimes dominent le littoral et, notamment le Gunnbjoms Fjelds et ses 3 700 m\u00e8tres qui font face \u00e0 l&rsquo;Islande. En revanche, le point culminant de la c\u00f4te ouest n&rsquo;est qu&rsquo;\u00e0 2300 m\u00e8tres d&rsquo;altitude, au sein d&rsquo;une cha\u00eene de montagnes tr\u00e8s d\u00e9coup\u00e9e par des fjords et d&rsquo;immenses fleuves de glace qui glissent dans la mer \u00e0 la vitesse de 7 m\u00e8tres par jour: ils sont les plus grands fournisseurs d&rsquo;icebergs du Groenland. Les montagnes du nord et du sud sont encore moins hautes puisque l&rsquo;altitude moyenne y est d&rsquo;environ 2000 m\u00e8tres.<\/p>\n\n\n\n<p>Sous le poids de Plndlandsis, le Groenland s&rsquo;est incurv\u00e9 en son centre. Celui-ci se trouve approximativement au niveau de la mer. On peut imaginer que si l&rsquo;on retirait la calotte glaciaire du Groenland, l&rsquo;oc\u00e9an Arctique envahirait la r\u00e9gion centrale en passant par les fjords et les fleuves de la c\u00f4te ouest. L&rsquo;\u00eele ressemblerait alors \u00e0 une bassine remplie d&rsquo;eau.<br>C&rsquo;est vers l&rsquo;an 2000 avant J.-C. qu&rsquo;une premi\u00e8re population, connue sous le nom de \u00ab Independence I \u00bb, p\u00e9n\u00e8tre sur l&rsquo;\u00eele en provenance du Canada. Par la suite, d&rsquo;autres populations s&rsquo;installent au Groenland mais c&rsquo;est seulement au Xe si\u00e8cle que les Esquimaux et les Vikings commencent \u00e0 s&rsquo;y implanter.<br>Le Groenland reste sous la dominance Scandinave de 982 jusqu&rsquo;au Moyen Age, \u00e9poque \u00e0 laquelle les Europ\u00e9ens disparaissent de l&rsquo;\u00eele pour des raisons inconnues. Il faut attendre le XVIIIe si\u00e8cle pour que les Danois y retournent et en fassent une province du Danemark qui abrite, aujourd&rsquo;hui, environ 50000 personnes. Malgr\u00e9 le statut particulier qui r\u00e9git aujourd&rsquo;hui ce territoire, les Danois continuent d&rsquo;y partager avec les Esquimaux les grandes \u00e9tendues de glace!<br>On peut imaginer que si l&rsquo;on retirait la calotte glaci\u00e8re du Groenland, l&rsquo;oc\u00e9an Arctique envahirait la r\u00e9gion centrale en passant par les fjords et les fleuves de la c\u00f4te ouest L&rsquo;\u00eele ressemblerait alors \u00e0 une bassine remplie d&rsquo;eau.<\/p>\n","protected":false},"excerpt":{"rendered":"<p>Si l&rsquo;on retirait le glacier qui recouvre le Groenland, que trouverait-on en dessous et que se passerait-il ?Une \u00e9norme boule de glace dans une coupe de 2,2 millions de km2, ce n&rsquo;est pas un dessert mais le Groenland.Quatre fois plus grand que la France, le Groenland est une \u00eele dont seuls les sommets sont apparents. [&hellip;]<\/p>\n","protected":false},"author":1,"featured_media":0,"parent":88,"menu_order":0,"comment_status":"closed","ping_status":"closed","template":"","meta":{"_seopress_robots_primary_cat":"","_seopress_titles_title":"","_seopress_titles_desc":"","_seopress_robots_index":"","footnotes":""},"class_list":["post-189","page","type-page","status-publish","hentry"],"_links":{"self":[{"href":"https:\/\/meteo-pro.fr\/index.php\/wp-json\/wp\/v2\/pages\/189","targetHints":{"allow":["GET"]}}],"collection":[{"href":"https:\/\/meteo-pro.fr\/index.php\/wp-json\/wp\/v2\/pages"}],"about":[{"href":"https:\/\/meteo-pro.fr\/index.php\/wp-json\/wp\/v2\/types\/page"}],"author":[{"embeddable":true,"href":"https:\/\/meteo-pro.fr\/index.php\/wp-json\/wp\/v2\/users\/1"}],"replies":[{"embeddable":true,"href":"https:\/\/meteo-pro.fr\/index.php\/wp-json\/wp\/v2\/comments?post=189"}],"version-history":[{"count":2,"href":"https:\/\/meteo-pro.fr\/index.php\/wp-json\/wp\/v2\/pages\/189\/revisions"}],"predecessor-version":[{"id":191,"href":"https:\/\/meteo-pro.fr\/index.php\/wp-json\/wp\/v2\/pages\/189\/revisions\/191"}],"up":[{"embeddable":true,"href":"https:\/\/meteo-pro.fr\/index.php\/wp-json\/wp\/v2\/pages\/88"}],"wp:attachment":[{"href":"https:\/\/meteo-pro.fr\/index.php\/wp-json\/wp\/v2\/media?parent=189"}],"curies":[{"name":"wp","href":"https:\/\/api.w.org\/{rel}","templated":true}]}}