{"id":245,"date":"2024-01-06T15:16:25","date_gmt":"2024-01-06T14:16:25","guid":{"rendered":"https:\/\/meteo-pro.fr\/?page_id=245"},"modified":"2024-01-29T07:56:28","modified_gmt":"2024-01-29T06:56:28","slug":"les-prevision-des-orages","status":"publish","type":"page","link":"https:\/\/meteo-pro.fr\/index.php\/phenomenes-naturels\/les-prevision-des-orages\/","title":{"rendered":"Les pr\u00e9vision des orages"},"content":{"rendered":"\n<p>Voir venir un orage, ou \u00e9valuer sa distance, constitue un exercice assez simple mais il permet de se prot\u00e9ger d&rsquo;un ph\u00e9nom\u00e8ne qui peut se montrer tr\u00e8s violent.<br>Qu&rsquo;ils soient li\u00e9s \u00e0 un simple ph\u00e9nom\u00e8ne de convection qui a d\u00e9g\u00e9n\u00e9r\u00e9 et pris de l&rsquo;ampleur, ou \u00e0 une instabilit\u00e9 de l&rsquo;air associ\u00e9 \u00e0 un front, les orages pr\u00e9sentent des formations nuageuses caract\u00e9ristiques, qui donnent deux types de ciel : le ciel pr\u00e9-orageux et le ciel orageux. Le premier correspond \u00e0 la t\u00eate et \u00e0 la marge de la perturbation, le second ressemble beaucoup au ciel de tra\u00eene classique d&rsquo;une perturbation, \u00e0 la diff\u00e9rence qu&rsquo;il se pr\u00e9sente hors de tout ensemble nuageux organis\u00e9.<\/p>\n\n\n\n<h2 class=\"wp-block-heading\"><strong>Risques d&rsquo;orage :<\/strong><\/h2>\n\n\n\n<p>Avant l&rsquo;orage, le ciel s&#8217;emplit de cirrus denses (qui sont souvent des r\u00e9sidus de vieilles enclumes de cumulo-nimbus d\u00e9grad\u00e9s), accompagn\u00e9s d&rsquo;un voile partiel de cirrostratus et de bancs d&rsquo;alto cumul us, avec parfois quelques cumulus. Ces nuages, qui se d\u00e9placent lentement, se trouvent \u00e0 l&rsquo;avant et en bordure du syst\u00e8me orageux proprement dit. Le cas le plus courant est celui d&rsquo;un ciel de beau temps qui, apr\u00e8s la transformation des cumulus inoffensifs en cumulus congestus par une forte convection, devient lourd et chaotique. Ces masses nuageuses sont si \u00e9paisses que la lumi\u00e8re solaire ne les traverse pas compl\u00e8tement, d&rsquo;o\u00f9 cette teinte gris sombre et cette ambiance de fin du monde qui pr\u00e9c\u00e8de l&rsquo;arriv\u00e9e d&rsquo;un orage important. Le bourgeonnement du sommet des cumulus congestus \u00e9volue vers le stade cumulonimbus. Apr\u00e8s un parcours limit\u00e9 (moins de 200 km en g\u00e9n\u00e9ral), ces nuages se d\u00e9sagr\u00e8gent, laissant dans le ciel de simples voiles nuageux de type cirrus.<\/p>\n\n\n\n<figure class=\"wp-block-image size-large\"><img  title=\"\" loading=\"lazy\" decoding=\"async\" width=\"1024\" height=\"772\" src=\"https:\/\/meteo-pro.fr\/wp-content\/uploads\/2024\/01\/2024-01-06_15h17_31-1024x772.jpg\"  alt=\"2024-01-06_15h17_31-1024x772 Les pr\u00e9vision des orages\"  class=\"wp-image-247\" srcset=\"https:\/\/meteo-pro.fr\/wp-content\/uploads\/2024\/01\/2024-01-06_15h17_31-1024x772.jpg 1024w, https:\/\/meteo-pro.fr\/wp-content\/uploads\/2024\/01\/2024-01-06_15h17_31-300x226.jpg 300w, https:\/\/meteo-pro.fr\/wp-content\/uploads\/2024\/01\/2024-01-06_15h17_31-768x579.jpg 768w, https:\/\/meteo-pro.fr\/wp-content\/uploads\/2024\/01\/2024-01-06_15h17_31.jpg 1433w\" sizes=\"auto, (max-width: 1024px) 100vw, 1024px\" \/><\/figure>\n\n\n\n<p><a href=\"https:\/\/meteo-pro.fr\/index.php\/phenomenes-naturels\/comment-la-foudre-tombe-t-elle\/\">Comment la foudre tombe-t-elle ?<\/a><\/p>\n\n\n\n<h3 class=\"wp-block-heading\">Risques d&rsquo;orage si :<\/h3>\n\n\n\n<ul class=\"wp-block-list\">\n<li>la nuit est chaude sans d\u00e9p\u00f4t de ros\u00e9e.<br>\u00c9valuer la distance d&rsquo;un orage : Rappelons qu&rsquo;il ne faut pas avoir peur du tonnerre, car c&rsquo;est l&rsquo;\u00e9clair qui est dangereux. Et s&rsquo;il doit vous frapper, il le fera avant m\u00eame que vous ayez entendu le son associ\u00e9, qui voyage beaucoup moins vite.<\/li>\n\n\n\n<li>des cumulus commencent \u00e0 se d\u00e9velopper verticalement,<\/li>\n\n\n\n<li>le taux d&rsquo;humidit\u00e9 augmente alors que la pression diminue,<\/li>\n\n\n\n<li>de grands nuages noirs ou gris s&rsquo;assemblent par nappes.<\/li>\n<\/ul>\n\n\n\n<p><\/p>\n\n\n\n<p>Les m\u00e9t\u00e9orologues utilisent des mod\u00e8les informatiques sophistiqu\u00e9s pour pr\u00e9dire la formation et le d\u00e9placement des orages.Les signes avant-coureurs d&rsquo;un orage incluent souvent une augmentation de l&rsquo;humidit\u00e9, des nuages denses et sombres, des \u00e9clairs et des bourrasques de vent. Les pr\u00e9visionnistes utilisent \u00e9galement des radars m\u00e9t\u00e9orologiques pour d\u00e9tecter la formation d&rsquo;orages et suivre leur trajectoire.<\/p>\n\n\n\n<p>Il est important de suivre les avertissements m\u00e9t\u00e9orologiques \u00e9mis par les services m\u00e9t\u00e9orologiques locaux et de prendre les pr\u00e9cautions n\u00e9cessaires en cas d&rsquo;orage violent.<\/p>\n","protected":false},"excerpt":{"rendered":"<p>Voir venir un orage, ou \u00e9valuer sa distance, constitue un exercice assez simple mais il permet de se prot\u00e9ger d&rsquo;un ph\u00e9nom\u00e8ne qui peut se montrer tr\u00e8s violent.Qu&rsquo;ils soient li\u00e9s \u00e0 un simple ph\u00e9nom\u00e8ne de convection qui a d\u00e9g\u00e9n\u00e9r\u00e9 et pris de l&rsquo;ampleur, ou \u00e0 une instabilit\u00e9 de l&rsquo;air associ\u00e9 \u00e0 un front, les orages pr\u00e9sentent [&hellip;]<\/p>\n","protected":false},"author":1,"featured_media":0,"parent":88,"menu_order":-2,"comment_status":"closed","ping_status":"closed","template":"","meta":{"_seopress_robots_primary_cat":"","_seopress_titles_title":"","_seopress_titles_desc":"","_seopress_robots_index":"","footnotes":""},"class_list":["post-245","page","type-page","status-publish","hentry"],"_links":{"self":[{"href":"https:\/\/meteo-pro.fr\/index.php\/wp-json\/wp\/v2\/pages\/245","targetHints":{"allow":["GET"]}}],"collection":[{"href":"https:\/\/meteo-pro.fr\/index.php\/wp-json\/wp\/v2\/pages"}],"about":[{"href":"https:\/\/meteo-pro.fr\/index.php\/wp-json\/wp\/v2\/types\/page"}],"author":[{"embeddable":true,"href":"https:\/\/meteo-pro.fr\/index.php\/wp-json\/wp\/v2\/users\/1"}],"replies":[{"embeddable":true,"href":"https:\/\/meteo-pro.fr\/index.php\/wp-json\/wp\/v2\/comments?post=245"}],"version-history":[{"count":7,"href":"https:\/\/meteo-pro.fr\/index.php\/wp-json\/wp\/v2\/pages\/245\/revisions"}],"predecessor-version":[{"id":531,"href":"https:\/\/meteo-pro.fr\/index.php\/wp-json\/wp\/v2\/pages\/245\/revisions\/531"}],"up":[{"embeddable":true,"href":"https:\/\/meteo-pro.fr\/index.php\/wp-json\/wp\/v2\/pages\/88"}],"wp:attachment":[{"href":"https:\/\/meteo-pro.fr\/index.php\/wp-json\/wp\/v2\/media?parent=245"}],"curies":[{"name":"wp","href":"https:\/\/api.w.org\/{rel}","templated":true}]}}