{"id":410,"date":"2024-01-07T18:35:01","date_gmt":"2024-01-07T17:35:01","guid":{"rendered":"https:\/\/meteo-pro.fr\/?page_id=410"},"modified":"2024-01-08T10:24:53","modified_gmt":"2024-01-08T09:24:53","slug":"alerte-meteo","status":"publish","type":"page","link":"https:\/\/meteo-pro.fr\/index.php\/alerte-meteo\/","title":{"rendered":"Alerte m\u00e9t\u00e9o"},"content":{"rendered":"<ul class=\"wp-block-latest-posts__list wp-block-latest-posts\"><li><a class=\"wp-block-latest-posts__post-title\" href=\"https:\/\/meteo-pro.fr\/index.php\/2025\/12\/28\/guide-complet-documentation-sinistres-cause-naturelle-2026\/\">Guide Complet Documentation Sinistres Cause Naturelle | 2026<\/a><div class=\"wp-block-latest-posts__post-excerpt\">&nbsp; \ud83d\udccb Guide Sinistres Caract\u00e9ristiques Tarifs Contact Guide Complet Documentation Sinistres Cause Naturelle Ma\u00eetrisez chaque sinistre naturel avec expertise et rigueur \ud83d\udcca 24 Chapitres complets \ud83c\udfaf R\u00e9f\u00e9rences 2026 \u2696\ufe0f Standards IARD Contenu Complet et D\u00e9taill\u00e9 \ud83c\udfdb\ufe0f Fondement L\u00e9gal D\u00e9finitions l\u00e9gales, crit\u00e8res\u2026 <a class=\"wp-block-latest-posts__read-more\" href=\"https:\/\/meteo-pro.fr\/index.php\/2025\/12\/28\/guide-complet-documentation-sinistres-cause-naturelle-2026\/\" rel=\"noopener noreferrer\">Lire la suite<span class=\"screen-reader-text\">\u00a0: Guide Complet Documentation Sinistres Cause Naturelle | 2026<\/span><\/a><\/div><\/li>\n<li><a class=\"wp-block-latest-posts__post-title\" href=\"https:\/\/meteo-pro.fr\/index.php\/2025\/04\/30\/comment-bien-utiliser-son-ventilateur-pendant-lete\/\">Comment Bien Utiliser Son Ventilateur Pendant L&rsquo;\u00c9t\u00e9\u00a0?<\/a><div class=\"wp-block-latest-posts__post-excerpt\">L\u2019\u00e9t\u00e9 peut vite devenir \u00e9touffant, surtout lors des canicules en ville. Bien utilis\u00e9, votre ventilateur peut vous procurer une agr\u00e9able sensation de fra\u00eecheur, tout en optimisant votre consommation d\u2019\u00e9nergie. Voici comment le rendre aussi efficace que possible ! 1. Positionnez Votre\u2026 <a class=\"wp-block-latest-posts__read-more\" href=\"https:\/\/meteo-pro.fr\/index.php\/2025\/04\/30\/comment-bien-utiliser-son-ventilateur-pendant-lete\/\" rel=\"noopener noreferrer\">Lire la suite<span class=\"screen-reader-text\">\u00a0: Comment Bien Utiliser Son Ventilateur Pendant L&rsquo;\u00c9t\u00e9\u00a0?<\/span><\/a><\/div><\/li>\n<li><div class=\"wp-block-latest-posts__featured-image alignleft\"><img  title=\"\" loading=\"lazy\" decoding=\"async\" width=\"288\" height=\"300\" src=\"https:\/\/meteo-pro.fr\/wp-content\/uploads\/2024\/01\/2024-01-07_10h42_55-288x300.jpg\" class=\"attachment-medium size-medium wp-post-image\"  alt=\"2024-01-07_10h42_55-288x300 Alerte m\u00e9t\u00e9o\"  style=\"max-width:225px;max-height:225px;\" srcset=\"https:\/\/meteo-pro.fr\/wp-content\/uploads\/2024\/01\/2024-01-07_10h42_55-288x300.jpg 288w, https:\/\/meteo-pro.fr\/wp-content\/uploads\/2024\/01\/2024-01-07_10h42_55-983x1024.jpg 983w, https:\/\/meteo-pro.fr\/wp-content\/uploads\/2024\/01\/2024-01-07_10h42_55-768x800.jpg 768w, https:\/\/meteo-pro.fr\/wp-content\/uploads\/2024\/01\/2024-01-07_10h42_55.jpg 1093w\" sizes=\"auto, (max-width: 288px) 100vw, 288px\" \/><\/div><a class=\"wp-block-latest-posts__post-title\" href=\"https:\/\/meteo-pro.fr\/index.php\/2024\/01\/07\/alerte-chaleur\/\">Alerte chaleur<\/a><div class=\"wp-block-latest-posts__post-excerpt\">Cela peut inclure le maintien de l&rsquo;hydratation, la recherche de lieux frais, la limitation des activit\u00e9s ext\u00e9rieures pendant les heures les plus chaudes de la journ\u00e9e, et la v\u00e9rification r\u00e9guli\u00e8re des personnes vuln\u00e9rables telles que les personnes \u00e2g\u00e9es et les enfants.\u2026 <a class=\"wp-block-latest-posts__read-more\" href=\"https:\/\/meteo-pro.fr\/index.php\/2024\/01\/07\/alerte-chaleur\/\" rel=\"noopener noreferrer\">Lire la suite<span class=\"screen-reader-text\">\u00a0: Alerte chaleur<\/span><\/a><\/div><\/li>\n<li><div class=\"wp-block-latest-posts__featured-image alignleft\"><img  title=\"\" loading=\"lazy\" decoding=\"async\" width=\"300\" height=\"268\" src=\"https:\/\/meteo-pro.fr\/wp-content\/uploads\/2024\/01\/2024-01-07_10h35_35-300x268.jpg\" class=\"attachment-medium size-medium wp-post-image\"  alt=\"2024-01-07_10h35_35-300x268 Alerte m\u00e9t\u00e9o\"  style=\"max-width:225px;max-height:225px;\" srcset=\"https:\/\/meteo-pro.fr\/wp-content\/uploads\/2024\/01\/2024-01-07_10h35_35-300x268.jpg 300w, https:\/\/meteo-pro.fr\/wp-content\/uploads\/2024\/01\/2024-01-07_10h35_35-1024x914.jpg 1024w, https:\/\/meteo-pro.fr\/wp-content\/uploads\/2024\/01\/2024-01-07_10h35_35-768x685.jpg 768w, https:\/\/meteo-pro.fr\/wp-content\/uploads\/2024\/01\/2024-01-07_10h35_35.jpg 1069w\" sizes=\"auto, (max-width: 300px) 100vw, 300px\" \/><\/div><a class=\"wp-block-latest-posts__post-title\" href=\"https:\/\/meteo-pro.fr\/index.php\/2024\/01\/07\/alerte-froid\/\">Alerte grand froid<\/a><div class=\"wp-block-latest-posts__post-excerpt\">Les alertes de froid sont importantes, surtout pendant les mois d&rsquo;hiver. Il est essentiel de surveiller les pr\u00e9visions m\u00e9t\u00e9orologiques pour les alertes de froid et de prendre des mesures pour se prot\u00e9ger contre les temp\u00e9ratures extr\u00eamement basses. Cela peut inclure le\u2026 <a class=\"wp-block-latest-posts__read-more\" href=\"https:\/\/meteo-pro.fr\/index.php\/2024\/01\/07\/alerte-froid\/\" rel=\"noopener noreferrer\">Lire la suite<span class=\"screen-reader-text\">\u00a0: Alerte grand froid<\/span><\/a><\/div><\/li>\n<li><div class=\"wp-block-latest-posts__featured-image alignleft\"><img  title=\"\" loading=\"lazy\" decoding=\"async\" width=\"300\" height=\"278\" src=\"https:\/\/meteo-pro.fr\/wp-content\/uploads\/2024\/01\/2024-01-07_10h11_59-300x278.jpg\" class=\"attachment-medium size-medium wp-post-image\"  alt=\"2024-01-07_10h11_59-300x278 Alerte m\u00e9t\u00e9o\"  style=\"max-width:225px;max-height:225px;\" srcset=\"https:\/\/meteo-pro.fr\/wp-content\/uploads\/2024\/01\/2024-01-07_10h11_59-300x278.jpg 300w, https:\/\/meteo-pro.fr\/wp-content\/uploads\/2024\/01\/2024-01-07_10h11_59-768x711.jpg 768w, https:\/\/meteo-pro.fr\/wp-content\/uploads\/2024\/01\/2024-01-07_10h11_59.jpg 927w\" sizes=\"auto, (max-width: 300px) 100vw, 300px\" \/><\/div><a class=\"wp-block-latest-posts__post-title\" href=\"https:\/\/meteo-pro.fr\/index.php\/2024\/01\/07\/alertes-orages\/\">Alerte orages<\/a><div class=\"wp-block-latest-posts__post-excerpt\">\u00c0 l&rsquo;approche des mois d&rsquo;\u00e9t\u00e9, la probabilit\u00e9 d&rsquo;orages augmente, d&rsquo;o\u00f9 l&rsquo;importance de rester inform\u00e9 et pr\u00e9par\u00e9. Une fa\u00e7on de le faire est de s&rsquo;inscrire pour recevoir les alertes d&rsquo;orage dans ta r\u00e9gion. Ces alertes peuvent \u00eatre envoy\u00e9es sur ton t\u00e9l\u00e9phone ou\u2026 <a class=\"wp-block-latest-posts__read-more\" href=\"https:\/\/meteo-pro.fr\/index.php\/2024\/01\/07\/alertes-orages\/\" rel=\"noopener noreferrer\">Lire la suite<span class=\"screen-reader-text\">\u00a0: Alerte orages<\/span><\/a><\/div><\/li>\n<li><div class=\"wp-block-latest-posts__featured-image alignleft\"><img  title=\"\" loading=\"lazy\" decoding=\"async\" width=\"300\" height=\"276\" src=\"https:\/\/meteo-pro.fr\/wp-content\/uploads\/2024\/01\/2024-01-07_09h58_33-300x276.jpg\" class=\"attachment-medium size-medium wp-post-image\"  alt=\"2024-01-07_09h58_33-300x276 Alerte m\u00e9t\u00e9o\"  style=\"max-width:225px;max-height:225px;\" srcset=\"https:\/\/meteo-pro.fr\/wp-content\/uploads\/2024\/01\/2024-01-07_09h58_33-300x276.jpg 300w, https:\/\/meteo-pro.fr\/wp-content\/uploads\/2024\/01\/2024-01-07_09h58_33-1024x943.jpg 1024w, https:\/\/meteo-pro.fr\/wp-content\/uploads\/2024\/01\/2024-01-07_09h58_33-768x707.jpg 768w, https:\/\/meteo-pro.fr\/wp-content\/uploads\/2024\/01\/2024-01-07_09h58_33.jpg 1047w\" sizes=\"auto, (max-width: 300px) 100vw, 300px\" \/><\/div><a class=\"wp-block-latest-posts__post-title\" href=\"https:\/\/meteo-pro.fr\/index.php\/2024\/01\/07\/alerts-verglas\/\">Alerte verglas<\/a><div class=\"wp-block-latest-posts__post-excerpt\">Les alertes de verglas sont \u00e9galement tr\u00e8s importantes, surtout pendant les mois d&rsquo;hiver. Le verglas peut rendre les routes et les trottoirs glissants, ce qui augmente les risques d&rsquo;accidents. Il est crucial de surveiller les pr\u00e9visions m\u00e9t\u00e9orologiques pour les alertes de\u2026 <a class=\"wp-block-latest-posts__read-more\" href=\"https:\/\/meteo-pro.fr\/index.php\/2024\/01\/07\/alerts-verglas\/\" rel=\"noopener noreferrer\">Lire la suite<span class=\"screen-reader-text\">\u00a0: Alerte verglas<\/span><\/a><\/div><\/li>\n<li><div class=\"wp-block-latest-posts__featured-image alignleft\"><img  title=\"\" loading=\"lazy\" decoding=\"async\" width=\"300\" height=\"229\" src=\"https:\/\/meteo-pro.fr\/wp-content\/uploads\/2024\/01\/2024-01-05_10h27_39-300x229.jpg\" class=\"attachment-medium size-medium wp-post-image\"  alt=\"2024-01-05_10h27_39-300x229 Alerte m\u00e9t\u00e9o\"  style=\"max-width:225px;max-height:225px;\" srcset=\"https:\/\/meteo-pro.fr\/wp-content\/uploads\/2024\/01\/2024-01-05_10h27_39-300x229.jpg 300w, https:\/\/meteo-pro.fr\/wp-content\/uploads\/2024\/01\/2024-01-05_10h27_39-1024x782.jpg 1024w, https:\/\/meteo-pro.fr\/wp-content\/uploads\/2024\/01\/2024-01-05_10h27_39-768x586.jpg 768w, https:\/\/meteo-pro.fr\/wp-content\/uploads\/2024\/01\/2024-01-05_10h27_39.jpg 1036w\" sizes=\"auto, (max-width: 300px) 100vw, 300px\" \/><\/div><a class=\"wp-block-latest-posts__post-title\" href=\"https:\/\/meteo-pro.fr\/index.php\/2024\/01\/07\/alertes-vent\/\">Alerte vent violent<\/a><div class=\"wp-block-latest-posts__post-excerpt\">Les alertes au vent sont cruciales pour la s\u00e9curit\u00e9, surtout lorsqu&rsquo;on pratique des activit\u00e9s de plein air ou des sports nautiques. Il est fortement recommand\u00e9 de garder un \u0153il sur les pr\u00e9visions m\u00e9t\u00e9orologiques pour les alertes au vent et de se\u2026 <a class=\"wp-block-latest-posts__read-more\" href=\"https:\/\/meteo-pro.fr\/index.php\/2024\/01\/07\/alertes-vent\/\" rel=\"noopener noreferrer\">Lire la suite<span class=\"screen-reader-text\">\u00a0: Alerte vent violent<\/span><\/a><\/div><\/li>\n<li><div class=\"wp-block-latest-posts__featured-image alignleft\"><img  title=\"\" loading=\"lazy\" decoding=\"async\" width=\"300\" height=\"162\" src=\"https:\/\/meteo-pro.fr\/wp-content\/uploads\/2024\/01\/2024-01-07_09h24_01-300x162.jpg\" class=\"attachment-medium size-medium wp-post-image\"  alt=\"2024-01-07_09h24_01-300x162 Alerte m\u00e9t\u00e9o\"  style=\"max-width:225px;max-height:225px;\" srcset=\"https:\/\/meteo-pro.fr\/wp-content\/uploads\/2024\/01\/2024-01-07_09h24_01-300x162.jpg 300w, https:\/\/meteo-pro.fr\/wp-content\/uploads\/2024\/01\/2024-01-07_09h24_01-1024x553.jpg 1024w, https:\/\/meteo-pro.fr\/wp-content\/uploads\/2024\/01\/2024-01-07_09h24_01-768x415.jpg 768w, https:\/\/meteo-pro.fr\/wp-content\/uploads\/2024\/01\/2024-01-07_09h24_01-1536x830.jpg 1536w, https:\/\/meteo-pro.fr\/wp-content\/uploads\/2024\/01\/2024-01-07_09h24_01.jpg 1766w\" sizes=\"auto, (max-width: 300px) 100vw, 300px\" \/><\/div><a class=\"wp-block-latest-posts__post-title\" href=\"https:\/\/meteo-pro.fr\/index.php\/2024\/01\/07\/alerte-pluie\/\">Alerte forte pluie<\/a><div class=\"wp-block-latest-posts__post-excerpt\">La m\u00e9t\u00e9o peut \u00eatre impr\u00e9visible, comme le risque d&rsquo;inondation. Mais il existe des moyens de se pr\u00e9parer aux al\u00e9as climatiques inattendus. Les inondations peuvent avoir des causes multiples : ruiss\u00e8lement, crues d&rsquo;orages, emb\u00e2cles, d\u00e9b\u00e2cles, torrents d&rsquo;eau, glissement de terrain. Il est\u2026 <a class=\"wp-block-latest-posts__read-more\" href=\"https:\/\/meteo-pro.fr\/index.php\/2024\/01\/07\/alerte-pluie\/\" rel=\"noopener noreferrer\">Lire la suite<span class=\"screen-reader-text\">\u00a0: Alerte forte pluie<\/span><\/a><\/div><\/li>\n<li><div class=\"wp-block-latest-posts__featured-image alignleft\"><img  title=\"\" loading=\"lazy\" decoding=\"async\" width=\"300\" height=\"190\" src=\"https:\/\/meteo-pro.fr\/wp-content\/uploads\/2024\/01\/2024-01-06_15h19_43-300x190.jpg\" class=\"attachment-medium size-medium wp-post-image\"  alt=\"2024-01-06_15h19_43-300x190 Alerte m\u00e9t\u00e9o\"  style=\"max-width:225px;max-height:225px;\" srcset=\"https:\/\/meteo-pro.fr\/wp-content\/uploads\/2024\/01\/2024-01-06_15h19_43-300x190.jpg 300w, https:\/\/meteo-pro.fr\/wp-content\/uploads\/2024\/01\/2024-01-06_15h19_43-1024x650.jpg 1024w, https:\/\/meteo-pro.fr\/wp-content\/uploads\/2024\/01\/2024-01-06_15h19_43-768x487.jpg 768w, https:\/\/meteo-pro.fr\/wp-content\/uploads\/2024\/01\/2024-01-06_15h19_43.jpg 1508w\" sizes=\"auto, (max-width: 300px) 100vw, 300px\" \/><\/div><a class=\"wp-block-latest-posts__post-title\" href=\"https:\/\/meteo-pro.fr\/index.php\/2024\/01\/07\/alerte-submersions-marines\/\">Alerte submersions marines<\/a><div class=\"wp-block-latest-posts__post-excerpt\">Les submersions sous-marines peuvent provoquer des inondations graves et soudaines des zones c\u00f4ti\u00e8res, des ports et des embouchures de rivi\u00e8res. Ces \u00e9v\u00e9nements sont associ\u00e9s \u00e0 une \u00e9l\u00e9vation extr\u00eame du niveau de la mer, r\u00e9sultant de la combinaison de plusieurs facteurs. L&rsquo;impact\u2026 <a class=\"wp-block-latest-posts__read-more\" href=\"https:\/\/meteo-pro.fr\/index.php\/2024\/01\/07\/alerte-submersions-marines\/\" rel=\"noopener noreferrer\">Lire la suite<span class=\"screen-reader-text\">\u00a0: Alerte submersions marines<\/span><\/a><\/div><\/li>\n<li><div class=\"wp-block-latest-posts__featured-image alignleft\"><img  title=\"\" loading=\"lazy\" decoding=\"async\" width=\"300\" height=\"210\" src=\"https:\/\/meteo-pro.fr\/wp-content\/uploads\/2024\/01\/2024-01-07_09h38_17-300x210.jpg\" class=\"attachment-medium size-medium wp-post-image\"  alt=\"2024-01-07_09h38_17-300x210 Alerte m\u00e9t\u00e9o\"  style=\"max-width:225px;max-height:225px;\" srcset=\"https:\/\/meteo-pro.fr\/wp-content\/uploads\/2024\/01\/2024-01-07_09h38_17-300x210.jpg 300w, https:\/\/meteo-pro.fr\/wp-content\/uploads\/2024\/01\/2024-01-07_09h38_17-1024x717.jpg 1024w, https:\/\/meteo-pro.fr\/wp-content\/uploads\/2024\/01\/2024-01-07_09h38_17-768x538.jpg 768w, https:\/\/meteo-pro.fr\/wp-content\/uploads\/2024\/01\/2024-01-07_09h38_17.jpg 1052w\" sizes=\"auto, (max-width: 300px) 100vw, 300px\" \/><\/div><a class=\"wp-block-latest-posts__post-title\" href=\"https:\/\/meteo-pro.fr\/index.php\/2024\/01\/05\/alerte-neige\/\">Alerte neige<\/a><div class=\"wp-block-latest-posts__post-excerpt\">L&rsquo;hiver arrive, et avec lui la possibilit\u00e9 d&rsquo;une chute de neige. Il est important de se pr\u00e9parer \u00e0 toute chute de neige potentielle, surtout si tu vis dans une r\u00e9gion qui est sujette \u00e0 de fortes chutes de neige. C&rsquo;est pourquoi\u2026 <a class=\"wp-block-latest-posts__read-more\" href=\"https:\/\/meteo-pro.fr\/index.php\/2024\/01\/05\/alerte-neige\/\" rel=\"noopener noreferrer\">Lire la suite<span class=\"screen-reader-text\">\u00a0: Alerte neige<\/span><\/a><\/div><\/li>\n<\/ul>","protected":false},"excerpt":{"rendered":"","protected":false},"author":1,"featured_media":0,"parent":0,"menu_order":0,"comment_status":"closed","ping_status":"closed","template":"","meta":{"_seopress_robots_primary_cat":"","_seopress_titles_title":"","_seopress_titles_desc":"","_seopress_robots_index":"","footnotes":""},"class_list":["post-410","page","type-page","status-publish","hentry"],"_links":{"self":[{"href":"https:\/\/meteo-pro.fr\/index.php\/wp-json\/wp\/v2\/pages\/410","targetHints":{"allow":["GET"]}}],"collection":[{"href":"https:\/\/meteo-pro.fr\/index.php\/wp-json\/wp\/v2\/pages"}],"about":[{"href":"https:\/\/meteo-pro.fr\/index.php\/wp-json\/wp\/v2\/types\/page"}],"author":[{"embeddable":true,"href":"https:\/\/meteo-pro.fr\/index.php\/wp-json\/wp\/v2\/users\/1"}],"replies":[{"embeddable":true,"href":"https:\/\/meteo-pro.fr\/index.php\/wp-json\/wp\/v2\/comments?post=410"}],"version-history":[{"count":6,"href":"https:\/\/meteo-pro.fr\/index.php\/wp-json\/wp\/v2\/pages\/410\/revisions"}],"predecessor-version":[{"id":433,"href":"https:\/\/meteo-pro.fr\/index.php\/wp-json\/wp\/v2\/pages\/410\/revisions\/433"}],"wp:attachment":[{"href":"https:\/\/meteo-pro.fr\/index.php\/wp-json\/wp\/v2\/media?parent=410"}],"curies":[{"name":"wp","href":"https:\/\/api.w.org\/{rel}","templated":true}]}}