{"id":55,"date":"2024-01-05T11:58:42","date_gmt":"2024-01-05T10:58:42","guid":{"rendered":"http:\/\/meteo-pro.fr\/?page_id=55"},"modified":"2024-01-07T10:28:11","modified_gmt":"2024-01-07T09:28:11","slug":"meteo-des-plages","status":"publish","type":"page","link":"https:\/\/meteo-pro.fr\/index.php\/carte\/meteo-des-plages\/","title":{"rendered":"M\u00e9t\u00e9o des plages"},"content":{"rendered":"\n<figure class=\"wp-block-image size-large\"><img  title=\"\" decoding=\"async\" src=\"http:\/\/www.meteociel.fr\/cartes_obs\/sst.gif\"  alt=\"sst M\u00e9t\u00e9o des plages\" \/><\/figure>\n\n\n\n<p>M\u00e9t\u00e9o des plages : Cartes des temp\u00e9ratures de l&rsquo;eau de mer en surface (en \u00b0C) actualis\u00e9es tous les jours<\/p>\n\n\n\n<p>T\u00b0 de l&rsquo;eau de mer :<\/p>\n\n\n\n<p>Note : Les donn\u00e9es proviennent de boucles install\u00e9es en mer<\/p>\n","protected":false},"excerpt":{"rendered":"<p>M\u00e9t\u00e9o des plages : Cartes des temp\u00e9ratures de l&rsquo;eau de mer en surface (en \u00b0C) actualis\u00e9es tous les jours T\u00b0 de l&rsquo;eau de mer : Note : Les donn\u00e9es proviennent de boucles install\u00e9es en mer<\/p>\n","protected":false},"author":1,"featured_media":0,"parent":83,"menu_order":0,"comment_status":"closed","ping_status":"closed","template":"","meta":{"_seopress_robots_primary_cat":"","_seopress_titles_title":"","_seopress_titles_desc":"","_seopress_robots_index":"","footnotes":""},"class_list":["post-55","page","type-page","status-publish","hentry"],"_links":{"self":[{"href":"https:\/\/meteo-pro.fr\/index.php\/wp-json\/wp\/v2\/pages\/55","targetHints":{"allow":["GET"]}}],"collection":[{"href":"https:\/\/meteo-pro.fr\/index.php\/wp-json\/wp\/v2\/pages"}],"about":[{"href":"https:\/\/meteo-pro.fr\/index.php\/wp-json\/wp\/v2\/types\/page"}],"author":[{"embeddable":true,"href":"https:\/\/meteo-pro.fr\/index.php\/wp-json\/wp\/v2\/users\/1"}],"replies":[{"embeddable":true,"href":"https:\/\/meteo-pro.fr\/index.php\/wp-json\/wp\/v2\/comments?post=55"}],"version-history":[{"count":3,"href":"https:\/\/meteo-pro.fr\/index.php\/wp-json\/wp\/v2\/pages\/55\/revisions"}],"predecessor-version":[{"id":535,"href":"https:\/\/meteo-pro.fr\/index.php\/wp-json\/wp\/v2\/pages\/55\/revisions\/535"}],"up":[{"embeddable":true,"href":"https:\/\/meteo-pro.fr\/index.php\/wp-json\/wp\/v2\/pages\/83"}],"wp:attachment":[{"href":"https:\/\/meteo-pro.fr\/index.php\/wp-json\/wp\/v2\/media?parent=55"}],"curies":[{"name":"wp","href":"https:\/\/api.w.org\/{rel}","templated":true}]}}